{"id":14856,"date":"2025-06-27T15:23:04","date_gmt":"2025-06-27T15:23:04","guid":{"rendered":"https:\/\/maxtec.inf.br\/?post_type=product&#038;p=14856"},"modified":"2025-08-01T00:00:43","modified_gmt":"2025-08-01T00:00:43","slug":"teclado-taikon-com-fio-ta-k316","status":"publish","type":"product","link":"https:\/\/maxtec.inf.br\/en\/product\/teclado-taikon-com-fio-ta-k316\/","title":{"rendered":"TECLADO TAIKON COM FIO TA-K316"},"content":{"rendered":"","protected":false},"excerpt":{"rendered":"<p>-TECLADO COM FIO CONEX\u00c3O USB<\/p>\n<p>-TECLADO PADR\u00c3O ABNT COM \u00c7<\/p>\n<p>&#8211; RESISTENTE \u00c0 EST\u00c1TICA MAGN\u00c9TICA<\/p>\n<p>-DESIGN DE TECLAS SILENCIOSAS<\/p>\n<p>-PROPORCIONA MAIOR CONFORTO<\/p>\n<p>ESPECIFICA\u00c7\u00d5ES MEC\u00c2NICAS<\/p>\n<p>Curso Total: 3,0 \u00b1 0,4 mil\u00edmetros<\/p>\n<p>For\u00e7a de Acionamento Inicial: 25cn min<\/p>\n<p>For\u00e7a de Funcionamento: 55 \u00b1 5cn<\/p>\n<p>Fun\u00e7\u00e3o: Contato normalmente aberto<\/p>\n<p>ESPECIFICA\u00c7\u00d5ES EL\u00c9TRICAS<\/p>\n<p>Resist\u00eancia de Isola\u00e7\u00e3o: 100M OHM na 100VCC<\/p>\n<p>Ressalto do Contato: 5ms max<\/p>\n<p>Tens\u00e3o de Opera\u00e7\u00e3o: +5VD \u00b1 10%<\/p>\n<p>VIDA<\/p>\n<p>Tempo de vida com carga el\u00e9trica: 100 milh\u00f5es min<\/p>\n<p>AMBIENTAL<\/p>\n<p>Temperatura de Armazenamento: -20\u00b0C ~ +70\u00b0C<\/p>\n<p>Temperatura de Funcionamento: -10\u00b0C ~ +60\u00b0C<\/p>\n<p>Umidade: 30% ~ 95% RH com n\u00e3o-coagula\u00e7\u00e3o<\/p>\n<p> <a class=\"more-link\" href=\"https:\/\/maxtec.inf.br\/en\/product\/teclado-taikon-com-fio-ta-k316\/\">Read more<\/a><\/p>","protected":false},"featured_media":14857,"comment_status":"open","ping_status":"closed","template":"","meta":[],"product_brand":[],"product_cat":[157],"product_tag":[],"class_list":{"0":"post-14856","1":"product","2":"type-product","3":"status-publish","4":"has-post-thumbnail","6":"product_cat-informatica-maxtec","8":"first","9":"instock","10":"taxable","11":"shipping-taxable","12":"purchasable","13":"product-type-simple"},"_links":{"self":[{"href":"https:\/\/maxtec.inf.br\/en\/wp-json\/wp\/v2\/product\/14856","targetHints":{"allow":["GET"]}}],"collection":[{"href":"https:\/\/maxtec.inf.br\/en\/wp-json\/wp\/v2\/product"}],"about":[{"href":"https:\/\/maxtec.inf.br\/en\/wp-json\/wp\/v2\/types\/product"}],"replies":[{"embeddable":true,"href":"https:\/\/maxtec.inf.br\/en\/wp-json\/wp\/v2\/comments?post=14856"}],"wp:featuredmedia":[{"embeddable":true,"href":"https:\/\/maxtec.inf.br\/en\/wp-json\/wp\/v2\/media\/14857"}],"wp:attachment":[{"href":"https:\/\/maxtec.inf.br\/en\/wp-json\/wp\/v2\/media?parent=14856"}],"wp:term":[{"taxonomy":"product_brand","embeddable":true,"href":"https:\/\/maxtec.inf.br\/en\/wp-json\/wp\/v2\/product_brand?post=14856"},{"taxonomy":"product_cat","embeddable":true,"href":"https:\/\/maxtec.inf.br\/en\/wp-json\/wp\/v2\/product_cat?post=14856"},{"taxonomy":"product_tag","embeddable":true,"href":"https:\/\/maxtec.inf.br\/en\/wp-json\/wp\/v2\/product_tag?post=14856"}],"curies":[{"name":"wp","href":"https:\/\/api.w.org\/{rel}","templated":true}]}}