{"id":14824,"date":"2025-06-25T17:28:14","date_gmt":"2025-06-25T17:28:14","guid":{"rendered":"https:\/\/maxtec.inf.br\/?post_type=product&#038;p=14824"},"modified":"2025-12-10T19:02:11","modified_gmt":"2025-12-10T19:02:11","slug":"lampada-led-t120-60w-6500k-4800lm-bocal-e27-g-light-cor-da-luz-branco-frio","status":"publish","type":"product","link":"https:\/\/maxtec.inf.br\/en\/product\/lampada-led-t120-60w-6500k-4800lm-bocal-e27-g-light-cor-da-luz-branco-frio\/","title":{"rendered":"L\u00e2mpada Led T120 60w 6500k 4800lm Bocal E27 &#8211; G-light Cor da luz Branco-frio"},"content":{"rendered":"","protected":false},"excerpt":{"rendered":"<div id=\"ui-pdp-main-container\" class=\"ui-pdp-container__row ui-pdp--relative ui-pdp-with--separator--fluid pb-40\">\n<div class=\"ui-pdp-container__col col-3 ui-pdp-container--column-center pb-40\">\n<div class=\"ui-pdp--sticky-wrapper ui-pdp--sticky-wrapper-center\">\n<div class=\"ui-pdp-container__row\">\n<div class=\"ui-pdp-container__col col-1 pl-24 pr-24\">\n<div class=\"ui-pdp-collapsable mt-24 ui-pdp-description-collapse\">\n<div class=\"ui-pdp-collapsable__container\">\n<div id=\"description\" class=\"ui-pdp-description\">\n<p class=\"ui-pdp-description__content\" data-testid=\"content\">Possui uma boa ilumina\u00e7\u00e3o nos espa\u00e7os em que estamos influencia a maneira como nos sentimos, relaxamos, trabalhamos ou estudamos. \u00c9 por isso que a l\u00e2mpada da G-light Alta Pot\u00eancia pode ser uma excelente op\u00e7\u00e3o se voc\u00ea quiser criar um ambiente agrad\u00e1vel e funcional.<br \/>\nMarca: G-Light<br \/>\nL\u00e2mpada certificada pelo INMETRO<br \/>\nCorpo em policarbonato branco<br \/>\nPot\u00eancia de 60W<br \/>\nFluxo luminoso: 4800lm<br \/>\nTemperatura de cor: Branco frio 6500k<br \/>\nDimens\u00f5es: 119mm x 191mm<br \/>\nBase: Soquete E27 &#8211; Comum<br \/>\nTemperatura ambiente: -5C a 40C.<br \/>\nTens\u00e3o: 127v \/ 220v Bivolt autom\u00e1tico<br \/>\nFator de pot\u00eancia: &gt;0,92<br \/>\n\u00c2ngulo de abertura: 180<br \/>\nFrequ\u00eancia: 60Hz<br \/>\nEfici\u00eancia Luminosa: 80lm\/w<br \/>\nBaixo consumo de energia.<br \/>\nUso interno (n\u00e3o pode ficar ao tempo)<br \/>\nProduto n\u00e3o dimerizavel<br \/>\nVida \u00fatil de 25.000 horas<\/p>\n<\/div>\n<\/div>\n<\/div>\n<\/div>\n<\/div>\n<div class=\"ui-pdp-container__row\">\n<div class=\"ui-pdp-container__col col-1\"><\/div>\n<\/div>\n<div class=\"ui-pdp-container__row ui-pdp-recommendations-row\">\n<div class=\"ui-pdp-container__col col-1\"><\/div>\n<\/div>\n<\/div>\n<\/div>\n<div class=\"ui-pdp-container__col col-1 ui-pdp-container--column-right mt-24 mr-8 pr-16\">\n<div class=\"ui-pdp--sticky-wrapper ui-pdp--sticky-wrapper-right\">\n<div class=\"ui-pdp-container__row\">\n<form id=\"buybox-form\" class=\"ui-pdp-buybox\" method=\"get\" action=\"\">\n<div>\n<div>\n<div class=\"ui-pdp-media ui-pdp-shipping ui-pdp-shipping--md mb-12 ui-pdp-color--BLACK\">\n<div class=\"ui-pdp-media__body\">\n<p class=\"ui-pdp-color--BLACK ui-pdp-family--REGULAR ui-pdp-media__title\">\n<\/div>\n<\/div>\n<\/div>\n<\/div>\n<input type=\"hidden\" name=\"trp-form-language\" value=\"en\"\/><\/form>\n<\/div>\n<div class=\"ui-pdp-container__row\"><\/div>\n<\/div>\n<\/div>\n<\/div>\n<div class=\"ui-pdp-container__row\">\n<div class=\"ui-pdp-container__col col-3\">\n<div class=\"ui-pdp-container__row ui-pdp-container__comparator\">\n<div class=\"ui-pdp-container__col col-1 pl-24 pr-24\"><\/div>\n<\/div>\n<\/div>\n<\/div>\n<div id=\"ui-pdp-main-container\" class=\"ui-pdp-container__row\">\n<div class=\"ui-pdp-container__col col-3\">\n<div class=\"ui-pdp-container__row\">\n<div class=\"ui-pdp-container__col col-1\">\n<div id=\"qadb\" class=\"ui-pdp-qadb pl-24 pr-24 mb-48\"><\/div>\n<\/div>\n<\/div>\n<\/div>\n<\/div>\n<p style=\"margin-top: 12px;\"><a style=\"background: #25D366; color: #fff; padding: 10px 15px; border-radius: 8px; text-decoration: none; font-weight: bold;\" href=\"https:\/\/wa.me\/551142620231?text=Ol%C3%A1!%20Vim%20da%20loja%20virtual%20e%20quero%20mais%20informa%C3%A7%C3%B5es%20sobre%20a%20Central%20Telef%C3%B4nica%20HDL%204x12%20revisada.\"><br \/>\n\ud83d\udcac Falar com um especialista da MaxTec<br \/>\n<\/a><\/p>\n<p><!\n<\/p>\n<p> <a class=\"more-link\" href=\"https:\/\/maxtec.inf.br\/en\/product\/lampada-led-t120-60w-6500k-4800lm-bocal-e27-g-light-cor-da-luz-branco-frio\/\">Read more<\/a><\/p>","protected":false},"featured_media":14825,"comment_status":"open","ping_status":"closed","template":"","meta":[],"product_brand":[],"product_cat":[198],"product_tag":[],"class_list":{"0":"post-14824","1":"product","2":"type-product","3":"status-publish","4":"has-post-thumbnail","6":"product_cat-acessorios-tech-maxtec","8":"first","9":"instock","10":"taxable","11":"shipping-taxable","12":"purchasable","13":"product-type-simple"},"_links":{"self":[{"href":"https:\/\/maxtec.inf.br\/en\/wp-json\/wp\/v2\/product\/14824","targetHints":{"allow":["GET"]}}],"collection":[{"href":"https:\/\/maxtec.inf.br\/en\/wp-json\/wp\/v2\/product"}],"about":[{"href":"https:\/\/maxtec.inf.br\/en\/wp-json\/wp\/v2\/types\/product"}],"replies":[{"embeddable":true,"href":"https:\/\/maxtec.inf.br\/en\/wp-json\/wp\/v2\/comments?post=14824"}],"wp:featuredmedia":[{"embeddable":true,"href":"https:\/\/maxtec.inf.br\/en\/wp-json\/wp\/v2\/media\/14825"}],"wp:attachment":[{"href":"https:\/\/maxtec.inf.br\/en\/wp-json\/wp\/v2\/media?parent=14824"}],"wp:term":[{"taxonomy":"product_brand","embeddable":true,"href":"https:\/\/maxtec.inf.br\/en\/wp-json\/wp\/v2\/product_brand?post=14824"},{"taxonomy":"product_cat","embeddable":true,"href":"https:\/\/maxtec.inf.br\/en\/wp-json\/wp\/v2\/product_cat?post=14824"},{"taxonomy":"product_tag","embeddable":true,"href":"https:\/\/maxtec.inf.br\/en\/wp-json\/wp\/v2\/product_tag?post=14824"}],"curies":[{"name":"wp","href":"https:\/\/api.w.org\/{rel}","templated":true}]}}