{"id":14768,"date":"2025-06-23T17:16:28","date_gmt":"2025-06-23T17:16:28","guid":{"rendered":"https:\/\/maxtec.inf.br\/?post_type=product&#038;p=14768"},"modified":"2025-06-23T17:17:07","modified_gmt":"2025-06-23T17:17:07","slug":"14768","status":"publish","type":"product","link":"https:\/\/maxtec.inf.br\/en\/product\/14768\/","title":{"rendered":"ESMIRILHADEIRA EXBOM MQL &#8211; EA3100"},"content":{"rendered":"","protected":false},"excerpt":{"rendered":"<div id=\"ui-pdp-main-container\" class=\"ui-pdp-container__row ui-pdp--relative ui-pdp-with--separator--fluid pb-40\">\n<div class=\"ui-pdp-container__col col-3 ui-pdp-container--column-center pb-40\">\n<div class=\"ui-pdp--sticky-wrapper ui-pdp--sticky-wrapper-center\">\n<div class=\"ui-pdp-container__row\">\n<div class=\"ui-pdp-container__col col-1 pl-24 pr-24\">\n<div class=\"ui-pdp-collapsable mt-24 ui-pdp-description-collapse\">\n<div class=\"ui-pdp-collapsable__container\">\n<div id=\"description\" class=\"ui-pdp-description\">\n<p class=\"ui-pdp-description__content\" data-testid=\"content\">A esmerilhadeira da Exbom \u00e9 uma ferramenta vers\u00e1til, que permite realizar diferentes trabalhos com um acabamento profissional. Por isso, \u00e9 uma excelente op\u00e7\u00e3o adicion\u00e1-la \u00e0 sua oficina ou caixa de ferramentas.<\/p>\n<p>Equipe a sua casa ou a sua oficina mec\u00e2nica e, fa\u00e7a voc\u00ea mesmo! Esta esmerilhadeira angular \u00e9 perfeita para fazer diferentes trabalhos de moer, escovado e polido. Por sua vez, destaca-se por ser um elemento indispens\u00e1vel para cortar, desbastar e lixar diferentes materiais derivados do metal.<\/p>\n<p>Informa\u00e7\u00f5es T\u00e9cnicas:<\/p>\n<p>Esmerilhadeira Angular El\u00e9trica<br \/>\nSuper Potente 48v<br \/>\nMotor sem Escovas<br \/>\nRecarreg\u00e1vel<br \/>\nTorque de 10000 rpm<br \/>\nDuas baterias de 20000mAh<br \/>\n25 pe\u00e7as<br \/>\nItens inclusos:<\/p>\n<p>1x Esmerilhadeira Angular El\u00e9trica<br \/>\n5x Folhas de Lixa [10cm]<br \/>\n5x Discos de Lixa<br \/>\n2x Discos de Lamelas [10cm]<br \/>\n1x Disco de Corte para Madeira [11cm]<br \/>\n1x Disco de Lixa [T27 &#8211; A24]<br \/>\n1x Roda de L\u00e3<br \/>\n1x Disco Autoadesivo [10cm cada]<br \/>\n1x Prensa<br \/>\n1x Prote\u00e7\u00e3o<br \/>\n1x Chave<br \/>\n1x Punho auxiliar<br \/>\n2x Baterias 20000mAh<br \/>\n1x Carregador Bivolt<br \/>\n1x Maleta para Transporte<\/p>\n<\/div>\n<\/div>\n<\/div>\n<\/div>\n<\/div>\n<div class=\"ui-pdp-container__row\">\n<div class=\"ui-pdp-container__col col-1\"><\/div>\n<\/div>\n<div class=\"ui-pdp-container__row ui-pdp-recommendations-row\">\n<div class=\"ui-pdp-container__col col-1\">\n<div class=\"ui-pdp-spot-middle\"><\/div>\n<\/div>\n<\/div>\n<\/div>\n<\/div>\n<div class=\"ui-pdp-container__col col-1 ui-pdp-container--column-right mt-24 mr-8 pr-16\">\n<div class=\"ui-pdp--sticky-wrapper ui-pdp--sticky-wrapper-right\">\n<div class=\"ui-pdp-container__row\">\n<form id=\"buybox-form\" class=\"ui-pdp-buybox-offers-wrapper\" method=\"get\">\n<div class=\"ui-pdp-buy-box-offers__desktop\">\n<ul id=\":Rad4p99gm:\" class=\"andes-list ui-pdp-buy-box-offers__offer-list andes-list--default andes-list--selectable andes-list-with-dividers\">\n<li class=\"andes-list__item ui-pdp-buy-box-offers__offer-list-item ui-pdp-buy-box-offers__offer-list-item--NOT-SELECTED andes-list__item--size-medium\">\n<div class=\"ui-pdp-buy-box-offers__content-wrapper\" role=\"presentation\">\n<div class=\"andes-radio\">\n<div class=\"andes-radio-element\">\n<p><input id=\"MLB5182026000\" class=\"andes-radio__input\" name=\"MLB5182026000\" type=\"radio\" value=\"MLB5182026000\" \/><\/p>\n<div class=\"andes-radio__background\">\n<div class=\"andes-radio__outer-circle\"><\/div>\n<div class=\"andes-radio__inner-circle\"><\/div>\n<\/div>\n<\/div>\n<p>&nbsp;<\/p>\n<\/div>\n<\/div>\n<\/li>\n<\/ul>\n<\/div>\n<\/form>\n<\/div>\n<\/div>\n<\/div>\n<\/div>\n<div class=\"ui-pdp-container__row\">\n<div class=\"ui-pdp-container__col col-3\">\n<div class=\"ui-pdp-container__row ui-pdp-container__comparator\">\n<div class=\"ui-pdp-container__col col-1 pl-24 pr-24\"><\/div>\n<\/div>\n<\/div>\n<\/div>\n<div id=\"ui-pdp-main-container\" class=\"ui-pdp-container__row\">\n<div class=\"ui-pdp-container__col col-3\">\n<div class=\"ui-pdp-container__row\">\n<div class=\"ui-pdp-container__col col-1\">\n<div id=\"qadb\" class=\"ui-pdp-qadb pl-24 pr-24 mb-48\"><\/div>\n<\/div>\n<\/div>\n<\/div>\n<\/div>\n<p> <a class=\"more-link\" href=\"https:\/\/maxtec.inf.br\/en\/product\/14768\/\">Read more<\/a><\/p>","protected":false},"featured_media":14769,"comment_status":"open","ping_status":"closed","template":"","meta":[],"product_brand":[],"product_cat":[196],"product_tag":[],"class_list":{"0":"post-14768","1":"product","2":"type-product","3":"status-publish","4":"has-post-thumbnail","6":"product_cat-ferramentas-e-acessorios-maxtec-rev","8":"first","9":"instock","10":"taxable","11":"shipping-taxable","12":"purchasable","13":"product-type-simple"},"_links":{"self":[{"href":"https:\/\/maxtec.inf.br\/en\/wp-json\/wp\/v2\/product\/14768","targetHints":{"allow":["GET"]}}],"collection":[{"href":"https:\/\/maxtec.inf.br\/en\/wp-json\/wp\/v2\/product"}],"about":[{"href":"https:\/\/maxtec.inf.br\/en\/wp-json\/wp\/v2\/types\/product"}],"replies":[{"embeddable":true,"href":"https:\/\/maxtec.inf.br\/en\/wp-json\/wp\/v2\/comments?post=14768"}],"wp:featuredmedia":[{"embeddable":true,"href":"https:\/\/maxtec.inf.br\/en\/wp-json\/wp\/v2\/media\/14769"}],"wp:attachment":[{"href":"https:\/\/maxtec.inf.br\/en\/wp-json\/wp\/v2\/media?parent=14768"}],"wp:term":[{"taxonomy":"product_brand","embeddable":true,"href":"https:\/\/maxtec.inf.br\/en\/wp-json\/wp\/v2\/product_brand?post=14768"},{"taxonomy":"product_cat","embeddable":true,"href":"https:\/\/maxtec.inf.br\/en\/wp-json\/wp\/v2\/product_cat?post=14768"},{"taxonomy":"product_tag","embeddable":true,"href":"https:\/\/maxtec.inf.br\/en\/wp-json\/wp\/v2\/product_tag?post=14768"}],"curies":[{"name":"wp","href":"https:\/\/api.w.org\/{rel}","templated":true}]}}