{"id":14762,"date":"2025-06-23T16:53:29","date_gmt":"2025-06-23T16:53:29","guid":{"rendered":"https:\/\/maxtec.inf.br\/?post_type=product&#038;p=14762"},"modified":"2025-06-23T16:53:30","modified_gmt":"2025-06-23T16:53:30","slug":"parafusadeira-furadeira-dewalt-220-max-brushless-modelo-dcd7781-rev","status":"publish","type":"product","link":"https:\/\/maxtec.inf.br\/en\/product\/parafusadeira-furadeira-dewalt-220-max-brushless-modelo-dcd7781-rev\/","title":{"rendered":"PARAFUSADEIRA\/FURADEIRA DEWALT 220 MAX BRUSHLESS MODELO DCD7781 (REV)"},"content":{"rendered":"","protected":false},"excerpt":{"rendered":"<p>Tipo de Bateria: 20V MAX*<br \/>\nVoltagem da Bateria: 20V<br \/>\nTamanho do Mandril: 1\/2&#8243; (13 mm)<br \/>\nPossui Luz LED: Sim<br \/>\nPossui Velocidade Vari\u00e1vel: Sim<br \/>\nCapacidade M\u00e1xima de Perfura\u00e7\u00e3o em A\u00e7o: 13 mm<br \/>\nCapacidade M\u00e1xima de Perfura\u00e7\u00e3o em Madeira: 40 mm<br \/>\nTorque M\u00e1ximo: 70 Nm<br \/>\nN\u00famero de Configura\u00e7\u00f5es de Velocidade: 2<\/p>\n<p> <a class=\"more-link\" href=\"https:\/\/maxtec.inf.br\/en\/product\/parafusadeira-furadeira-dewalt-220-max-brushless-modelo-dcd7781-rev\/\">Read more<\/a><\/p>","protected":false},"featured_media":14763,"comment_status":"open","ping_status":"closed","template":"","meta":[],"product_brand":[],"product_cat":[196],"product_tag":[],"class_list":{"0":"post-14762","1":"product","2":"type-product","3":"status-publish","4":"has-post-thumbnail","6":"product_cat-ferramentas-e-acessorios-maxtec-rev","8":"first","9":"instock","10":"taxable","11":"shipping-taxable","12":"purchasable","13":"product-type-simple"},"_links":{"self":[{"href":"https:\/\/maxtec.inf.br\/en\/wp-json\/wp\/v2\/product\/14762","targetHints":{"allow":["GET"]}}],"collection":[{"href":"https:\/\/maxtec.inf.br\/en\/wp-json\/wp\/v2\/product"}],"about":[{"href":"https:\/\/maxtec.inf.br\/en\/wp-json\/wp\/v2\/types\/product"}],"replies":[{"embeddable":true,"href":"https:\/\/maxtec.inf.br\/en\/wp-json\/wp\/v2\/comments?post=14762"}],"wp:featuredmedia":[{"embeddable":true,"href":"https:\/\/maxtec.inf.br\/en\/wp-json\/wp\/v2\/media\/14763"}],"wp:attachment":[{"href":"https:\/\/maxtec.inf.br\/en\/wp-json\/wp\/v2\/media?parent=14762"}],"wp:term":[{"taxonomy":"product_brand","embeddable":true,"href":"https:\/\/maxtec.inf.br\/en\/wp-json\/wp\/v2\/product_brand?post=14762"},{"taxonomy":"product_cat","embeddable":true,"href":"https:\/\/maxtec.inf.br\/en\/wp-json\/wp\/v2\/product_cat?post=14762"},{"taxonomy":"product_tag","embeddable":true,"href":"https:\/\/maxtec.inf.br\/en\/wp-json\/wp\/v2\/product_tag?post=14762"}],"curies":[{"name":"wp","href":"https:\/\/api.w.org\/{rel}","templated":true}]}}