{"id":14754,"date":"2025-06-23T14:23:37","date_gmt":"2025-06-23T14:23:37","guid":{"rendered":"https:\/\/maxtec.inf.br\/?post_type=product&#038;p=14754"},"modified":"2025-06-23T14:23:38","modified_gmt":"2025-06-23T14:23:38","slug":"carregador-de-bateria-automotivo-lup-12-volts-5-amperes","status":"publish","type":"product","link":"https:\/\/maxtec.inf.br\/en\/product\/carregador-de-bateria-automotivo-lup-12-volts-5-amperes\/","title":{"rendered":"CARREGADOR DE BATERIA AUTOMOTIVO LUP 12 VOLTS 5 AMPERES"},"content":{"rendered":"","protected":false},"excerpt":{"rendered":"<p>Especifica\u00e7\u00e3o T\u00e9cnica:<br \/>\n\u2022 Carregador de Bateria Eletr\u00f4nico Port\u00e1til com Al\u00e7a para Transporte<br \/>\n\u2022 Indicado para Todas as Baterias 12V<br \/>\n\u2022 Entrada Bivolt: 127V &#8211; 220V<br \/>\n\u2022 Sa\u00edda: 12V &#8211; 10A<br \/>\n\u2022 Pot\u00eancia: 120W<br \/>\n\u2022 Frequ\u00eancia: 60Hz<br \/>\n\u2022 Bot\u00e3o para Carregamento Lento Flutuante e R\u00e1pido<br \/>\n\u2022 LED Vermelho Indica Carregador Ligado<br \/>\n\u2022 LED Verde Indica Bateria Carregada<br \/>\n\u2022 LED Amarelo Indica que as garras do carregador est\u00e1 ligado invertida.<\/p>\n<p>\u2022 Carrega uma Bateria por Vez<br \/>\n\u2022 Pode ser Usado em Baterias Conectadas ao Carro<br \/>\n\u2022 Pode ser Usado em Baterias de Carro, Moto, Barcos, Etc.<br \/>\n\u2022 Possui Garra Jacar\u00e9 e Tomada Padr\u00e3o 2 Pinos para Recarregar<br \/>\n\u2022 Possui Fus\u00edvel de Prote\u00e7\u00e3o<br \/>\n\u2022 Medidas Aproximadas (CxAxP): 11,5x11x14,5cm<br \/>\n\u2022 Medidas Aproximadas com Embalagem (CxAxp): 17x13x13cm<\/p>\n<p>OBS: O tempo de carregamento varia de acordo com a carga inicial da bateria. Para baterias descarregadas a carga total leva de 12 a 15 horas.<\/p>\n<p> <a class=\"more-link\" href=\"https:\/\/maxtec.inf.br\/en\/product\/carregador-de-bateria-automotivo-lup-12-volts-5-amperes\/\">Read more<\/a><\/p>","protected":false},"featured_media":14755,"comment_status":"open","ping_status":"closed","template":"","meta":[],"product_brand":[],"product_cat":[196],"product_tag":[],"class_list":{"0":"post-14754","1":"product","2":"type-product","3":"status-publish","4":"has-post-thumbnail","6":"product_cat-ferramentas-e-acessorios-maxtec-rev","8":"first","9":"instock","10":"taxable","11":"shipping-taxable","12":"purchasable","13":"product-type-simple"},"_links":{"self":[{"href":"https:\/\/maxtec.inf.br\/en\/wp-json\/wp\/v2\/product\/14754","targetHints":{"allow":["GET"]}}],"collection":[{"href":"https:\/\/maxtec.inf.br\/en\/wp-json\/wp\/v2\/product"}],"about":[{"href":"https:\/\/maxtec.inf.br\/en\/wp-json\/wp\/v2\/types\/product"}],"replies":[{"embeddable":true,"href":"https:\/\/maxtec.inf.br\/en\/wp-json\/wp\/v2\/comments?post=14754"}],"wp:featuredmedia":[{"embeddable":true,"href":"https:\/\/maxtec.inf.br\/en\/wp-json\/wp\/v2\/media\/14755"}],"wp:attachment":[{"href":"https:\/\/maxtec.inf.br\/en\/wp-json\/wp\/v2\/media?parent=14754"}],"wp:term":[{"taxonomy":"product_brand","embeddable":true,"href":"https:\/\/maxtec.inf.br\/en\/wp-json\/wp\/v2\/product_brand?post=14754"},{"taxonomy":"product_cat","embeddable":true,"href":"https:\/\/maxtec.inf.br\/en\/wp-json\/wp\/v2\/product_cat?post=14754"},{"taxonomy":"product_tag","embeddable":true,"href":"https:\/\/maxtec.inf.br\/en\/wp-json\/wp\/v2\/product_tag?post=14754"}],"curies":[{"name":"wp","href":"https:\/\/api.w.org\/{rel}","templated":true}]}}