{"id":14711,"date":"2025-06-21T19:38:11","date_gmt":"2025-06-21T19:38:11","guid":{"rendered":"https:\/\/maxtec.inf.br\/?post_type=product&#038;p=14711"},"modified":"2025-11-05T21:23:09","modified_gmt":"2025-11-05T21:23:09","slug":"cabo-hdmi","status":"publish","type":"product","link":"https:\/\/maxtec.inf.br\/en\/product\/cabo-hdmi\/","title":{"rendered":"CABO HDMI"},"content":{"rendered":"","protected":false},"excerpt":{"rendered":"<p>O cabo \u00e9 ideal para conectar seus dispositivos com facilidade e simplicidade. Voc\u00ea poder\u00e1 transferir \u00e1udios e v\u00eddeos em poucos passos.<\/p>\n<p>Qualidade de som incompar\u00e1vel<\/p>\n<p> <a class=\"more-link\" href=\"https:\/\/maxtec.inf.br\/en\/product\/cabo-hdmi\/\">Read more<\/a><\/p>","protected":false},"featured_media":14712,"comment_status":"open","ping_status":"closed","template":"","meta":[],"product_brand":[],"product_cat":[144],"product_tag":[],"class_list":{"0":"post-14711","1":"product","2":"type-product","3":"status-publish","4":"has-post-thumbnail","6":"product_cat-informatica-maxtec-rev","8":"first","9":"instock","10":"taxable","11":"shipping-taxable","12":"purchasable","13":"product-type-simple"},"_links":{"self":[{"href":"https:\/\/maxtec.inf.br\/en\/wp-json\/wp\/v2\/product\/14711","targetHints":{"allow":["GET"]}}],"collection":[{"href":"https:\/\/maxtec.inf.br\/en\/wp-json\/wp\/v2\/product"}],"about":[{"href":"https:\/\/maxtec.inf.br\/en\/wp-json\/wp\/v2\/types\/product"}],"replies":[{"embeddable":true,"href":"https:\/\/maxtec.inf.br\/en\/wp-json\/wp\/v2\/comments?post=14711"}],"wp:featuredmedia":[{"embeddable":true,"href":"https:\/\/maxtec.inf.br\/en\/wp-json\/wp\/v2\/media\/14712"}],"wp:attachment":[{"href":"https:\/\/maxtec.inf.br\/en\/wp-json\/wp\/v2\/media?parent=14711"}],"wp:term":[{"taxonomy":"product_brand","embeddable":true,"href":"https:\/\/maxtec.inf.br\/en\/wp-json\/wp\/v2\/product_brand?post=14711"},{"taxonomy":"product_cat","embeddable":true,"href":"https:\/\/maxtec.inf.br\/en\/wp-json\/wp\/v2\/product_cat?post=14711"},{"taxonomy":"product_tag","embeddable":true,"href":"https:\/\/maxtec.inf.br\/en\/wp-json\/wp\/v2\/product_tag?post=14711"}],"curies":[{"name":"wp","href":"https:\/\/api.w.org\/{rel}","templated":true}]}}