{"id":14685,"date":"2025-06-21T16:40:38","date_gmt":"2025-06-21T16:40:38","guid":{"rendered":"https:\/\/maxtec.inf.br\/?post_type=product&#038;p=14685"},"modified":"2025-07-09T17:22:57","modified_gmt":"2025-07-09T17:22:57","slug":"switch-tp-link-tl5-portas","status":"publish","type":"product","link":"https:\/\/maxtec.inf.br\/en\/product\/switch-tp-link-tl5-portas\/","title":{"rendered":"SWITCH TP-LINK TL5 PORTAS"},"content":{"rendered":"","protected":false},"excerpt":{"rendered":"<div id=\"ui-pdp-main-container\" class=\"ui-pdp-container__row ui-pdp--relative ui-pdp-with--separator--fluid pb-40\">\n<div class=\"ui-pdp-container__col col-3 ui-pdp-container--column-center pb-40\">\n<div class=\"ui-pdp--sticky-wrapper ui-pdp--sticky-wrapper-center\">\n<div class=\"ui-pdp-container__row\">\n<div class=\"ui-pdp-container__col col-1 pl-24 pr-24\">\n<div class=\"ui-pdp-collapsable mt-24 ui-pdp-description-collapse\">\n<div class=\"ui-pdp-collapsable__container\">\n<div id=\"description\" class=\"ui-pdp-description\">\n<p class=\"ui-pdp-description__content\" data-testid=\"content\">TP-Link \u00e9 l\u00edder global no neg\u00f3cio de solu\u00e7\u00f5es de rede. Esta marca permite melhorar as comunica\u00e7\u00f5es entre consumidores e empresas, por isso estes switches s\u00e3o muito f\u00e1ceis de configurar e n\u00e3o requerem muito tempo.<\/p>\n<p>Portas RJ-45<\/p>\n<p>Feito \u00e0 sua medida<br \/>\nA sua tecnologia permite que os dados sejam armazenados em buffer antes de envi\u00e1-los \u00e0 porta de sa\u00edda. Isso garante o funcionamento correto.<\/p>\n<p>Escalabilidade e funcionalidade ao seu alcance<\/p>\n<\/div>\n<\/div>\n<\/div>\n<\/div>\n<\/div>\n<div class=\"ui-pdp-container__row\">\n<div class=\"ui-pdp-container__col col-1\"><\/div>\n<\/div>\n<div class=\"ui-pdp-container__row ui-pdp-recommendations-row\">\n<div class=\"ui-pdp-container__col col-1\">\n<div class=\"ui-pdp-spot-middle\"><\/div>\n<\/div>\n<\/div>\n<\/div>\n<\/div>\n<div class=\"ui-pdp-container__col col-1 ui-pdp-container--column-right mt-24 mr-8 pr-16\">\n<div class=\"ui-pdp--sticky-wrapper ui-pdp--sticky-wrapper-right\">\n<div class=\"ui-pdp-container__row\">\n<form id=\"buybox-form\" class=\"ui-pdp-buybox\" method=\"get\" action=\"\">\n<div>\n<div>\n<div class=\"ui-pdp-media ui-pdp-shipping ui-pdp-shipping--md mb-12 ui-pdp-color--BLACK\">\n<div class=\"ui-pdp-media__body\"><\/div>\n<\/div>\n<\/div>\n<\/div>\n<input type=\"hidden\" name=\"trp-form-language\" value=\"en\"\/><\/form>\n<\/div>\n<div class=\"ui-pdp-container__row\"><\/div>\n<\/div>\n<\/div>\n<\/div>\n<div class=\"ui-pdp-container__row\">\n<div class=\"ui-pdp-container__col col-3\">\n<div class=\"ui-pdp-container__row ui-pdp-container__comparator\">\n<div class=\"ui-pdp-container__col col-1 pl-24 pr-24\"><\/div>\n<\/div>\n<\/div>\n<\/div>\n<div id=\"ui-pdp-main-container\" class=\"ui-pdp-container__row\">\n<div class=\"ui-pdp-container__col col-3\">\n<div class=\"ui-pdp-container__row\">\n<div class=\"ui-pdp-container__col col-1\">\n<div id=\"qadb\" class=\"ui-pdp-qadb pl-24 pr-24 mb-48\"><\/div>\n<\/div>\n<\/div>\n<\/div>\n<\/div>\n<p> <a class=\"more-link\" href=\"https:\/\/maxtec.inf.br\/en\/product\/switch-tp-link-tl5-portas\/\">Read more<\/a><\/p>","protected":false},"featured_media":14686,"comment_status":"open","ping_status":"closed","template":"","meta":[],"product_brand":[],"product_cat":[150],"product_tag":[],"class_list":{"0":"post-14685","1":"product","2":"type-product","3":"status-publish","4":"has-post-thumbnail","6":"product_cat-rede-e-conectividade-maxtec-rev","8":"first","9":"instock","10":"sale","11":"taxable","12":"shipping-taxable","13":"purchasable","14":"product-type-simple"},"_links":{"self":[{"href":"https:\/\/maxtec.inf.br\/en\/wp-json\/wp\/v2\/product\/14685","targetHints":{"allow":["GET"]}}],"collection":[{"href":"https:\/\/maxtec.inf.br\/en\/wp-json\/wp\/v2\/product"}],"about":[{"href":"https:\/\/maxtec.inf.br\/en\/wp-json\/wp\/v2\/types\/product"}],"replies":[{"embeddable":true,"href":"https:\/\/maxtec.inf.br\/en\/wp-json\/wp\/v2\/comments?post=14685"}],"wp:featuredmedia":[{"embeddable":true,"href":"https:\/\/maxtec.inf.br\/en\/wp-json\/wp\/v2\/media\/14686"}],"wp:attachment":[{"href":"https:\/\/maxtec.inf.br\/en\/wp-json\/wp\/v2\/media?parent=14685"}],"wp:term":[{"taxonomy":"product_brand","embeddable":true,"href":"https:\/\/maxtec.inf.br\/en\/wp-json\/wp\/v2\/product_brand?post=14685"},{"taxonomy":"product_cat","embeddable":true,"href":"https:\/\/maxtec.inf.br\/en\/wp-json\/wp\/v2\/product_cat?post=14685"},{"taxonomy":"product_tag","embeddable":true,"href":"https:\/\/maxtec.inf.br\/en\/wp-json\/wp\/v2\/product_tag?post=14685"}],"curies":[{"name":"wp","href":"https:\/\/api.w.org\/{rel}","templated":true}]}}