{"id":14323,"date":"2025-05-16T19:09:07","date_gmt":"2025-05-16T19:09:07","guid":{"rendered":"https:\/\/maxtec.inf.br\/?post_type=product&#038;p=14323"},"modified":"2025-08-01T00:00:42","modified_gmt":"2025-08-01T00:00:42","slug":"processador-intel-e5500-2-80ghz-rev","status":"publish","type":"product","link":"https:\/\/maxtec.inf.br\/en\/product\/processador-intel-e5500-2-80ghz-rev\/","title":{"rendered":"PROCESSADOR INTEL E5500 2.80GHZ (REV)"},"content":{"rendered":"","protected":false},"excerpt":{"rendered":"<p>&#8211; C\u00f3digo do produto no fabricante: E5500 BX80571E5500 (907806)<br \/>\n&#8211; Processador Intel Pentium Dual Core E5500 de 2,8 GHz<br \/>\n&#8211; Barramento: 800 MHz (FSB)<br \/>\n&#8211; Cache L2: 2MB (compartilhado)<br \/>\n&#8211; Cache L1: 12KB+16KB<br \/>\n&#8211; Arquitetura: 45 nm (Wolfdale)<br \/>\n&#8211; N\u00facleo: EM64T (suporta computa\u00e7\u00e3o com 64 bits)<br \/>\n&#8211; Compat\u00edvel com tecnologia HT (Hyper-Threading)<br \/>\n&#8211; N\u00famero de processador: E5500<br \/>\n&#8211; Slot: LGA775 (funciona nas placas de Pentium 4 LGA775 com chipset 945 e 955X em diante).<br \/>\n&#8211; Plataformas compat\u00edveis: PCG 06<br \/>\n&#8211; Acompanha cooler original.<br \/>\n&#8211; Produto in a box com 3 anos de garantia.<br \/>\n&#8211; Instru\u00e7\u00f5es multim\u00eddia: MMX, SSE, SSE2, SSE3<br \/>\n&#8211; Tens\u00e3o de alimenta\u00e7\u00e3o: 0.85V \u2013 1.3625V<br \/>\n&#8211; Consumo de energia: 65W<\/p>\n<p> <a class=\"more-link\" href=\"https:\/\/maxtec.inf.br\/en\/product\/processador-intel-e5500-2-80ghz-rev\/\">Read more<\/a><\/p>","protected":false},"featured_media":14324,"comment_status":"open","ping_status":"closed","template":"","meta":[],"product_brand":[],"product_cat":[193],"product_tag":[],"class_list":{"0":"post-14323","1":"product","2":"type-product","3":"status-publish","4":"has-post-thumbnail","6":"product_cat-hardware-maxtec-rev","8":"first","9":"instock","10":"taxable","11":"shipping-taxable","12":"purchasable","13":"product-type-simple"},"_links":{"self":[{"href":"https:\/\/maxtec.inf.br\/en\/wp-json\/wp\/v2\/product\/14323","targetHints":{"allow":["GET"]}}],"collection":[{"href":"https:\/\/maxtec.inf.br\/en\/wp-json\/wp\/v2\/product"}],"about":[{"href":"https:\/\/maxtec.inf.br\/en\/wp-json\/wp\/v2\/types\/product"}],"replies":[{"embeddable":true,"href":"https:\/\/maxtec.inf.br\/en\/wp-json\/wp\/v2\/comments?post=14323"}],"wp:featuredmedia":[{"embeddable":true,"href":"https:\/\/maxtec.inf.br\/en\/wp-json\/wp\/v2\/media\/14324"}],"wp:attachment":[{"href":"https:\/\/maxtec.inf.br\/en\/wp-json\/wp\/v2\/media?parent=14323"}],"wp:term":[{"taxonomy":"product_brand","embeddable":true,"href":"https:\/\/maxtec.inf.br\/en\/wp-json\/wp\/v2\/product_brand?post=14323"},{"taxonomy":"product_cat","embeddable":true,"href":"https:\/\/maxtec.inf.br\/en\/wp-json\/wp\/v2\/product_cat?post=14323"},{"taxonomy":"product_tag","embeddable":true,"href":"https:\/\/maxtec.inf.br\/en\/wp-json\/wp\/v2\/product_tag?post=14323"}],"curies":[{"name":"wp","href":"https:\/\/api.w.org\/{rel}","templated":true}]}}