{"id":14189,"date":"2025-05-02T15:43:11","date_gmt":"2025-05-02T15:43:11","guid":{"rendered":"https:\/\/maxtec.inf.br\/?post_type=product&#038;p=14189"},"modified":"2025-06-01T00:07:37","modified_gmt":"2025-06-01T00:07:37","slug":"processador-intel-core-i7","status":"publish","type":"product","link":"https:\/\/maxtec.inf.br\/en\/product\/processador-intel-core-i7\/","title":{"rendered":"Processador Intel Core I7-3770"},"content":{"rendered":"","protected":false},"excerpt":{"rendered":"<p>O que voc\u00ea precisa saber sobre este produto<br \/>\nModelo: i7-3770<br \/>\nProduto de alto desempenho e linha exclusiva para profissionais que executam muitos programas ao mesmo tempo.<br \/>\nMem\u00f3ria cache de 8 MB, r\u00e1pida e vol\u00e1til.<br \/>\nProcessador gr\u00e1fico Intel HD Graphics 4000.<br \/>\nSuporta mem\u00f3ria RAM DDR3.<br \/>\nSua pot\u00eancia \u00e9 de 77 W.<br \/>\nPossui Hyper-Threading que favorece a execu\u00e7\u00e3o de programas de maneira simult\u00e2nea, ao dividir o processador f\u00edsico em dois processadores l\u00f3gicos.<br \/>\nProduto na embalagem original.<br \/>\nSoquetes compat\u00edveis: FCLGA1155<\/p>\n<p> <a class=\"more-link\" href=\"https:\/\/maxtec.inf.br\/en\/product\/processador-intel-core-i7\/\">Read more<\/a><\/p>","protected":false},"featured_media":14190,"comment_status":"open","ping_status":"closed","template":"","meta":[],"product_brand":[],"product_cat":[193],"product_tag":[],"class_list":{"0":"post-14189","1":"product","2":"type-product","3":"status-publish","4":"has-post-thumbnail","6":"product_cat-hardware-maxtec-rev","8":"first","9":"onbackorder","10":"taxable","11":"shipping-taxable","12":"purchasable","13":"product-type-simple"},"_links":{"self":[{"href":"https:\/\/maxtec.inf.br\/en\/wp-json\/wp\/v2\/product\/14189","targetHints":{"allow":["GET"]}}],"collection":[{"href":"https:\/\/maxtec.inf.br\/en\/wp-json\/wp\/v2\/product"}],"about":[{"href":"https:\/\/maxtec.inf.br\/en\/wp-json\/wp\/v2\/types\/product"}],"replies":[{"embeddable":true,"href":"https:\/\/maxtec.inf.br\/en\/wp-json\/wp\/v2\/comments?post=14189"}],"wp:featuredmedia":[{"embeddable":true,"href":"https:\/\/maxtec.inf.br\/en\/wp-json\/wp\/v2\/media\/14190"}],"wp:attachment":[{"href":"https:\/\/maxtec.inf.br\/en\/wp-json\/wp\/v2\/media?parent=14189"}],"wp:term":[{"taxonomy":"product_brand","embeddable":true,"href":"https:\/\/maxtec.inf.br\/en\/wp-json\/wp\/v2\/product_brand?post=14189"},{"taxonomy":"product_cat","embeddable":true,"href":"https:\/\/maxtec.inf.br\/en\/wp-json\/wp\/v2\/product_cat?post=14189"},{"taxonomy":"product_tag","embeddable":true,"href":"https:\/\/maxtec.inf.br\/en\/wp-json\/wp\/v2\/product_tag?post=14189"}],"curies":[{"name":"wp","href":"https:\/\/api.w.org\/{rel}","templated":true}]}}