{"id":13887,"date":"2025-04-25T12:33:46","date_gmt":"2025-04-25T12:33:46","guid":{"rendered":"https:\/\/maxtec.inf.br\/?post_type=product&#038;p=13887"},"modified":"2025-06-01T00:07:13","modified_gmt":"2025-06-01T00:07:13","slug":"controle-remoto-ecp-key-433mhz-c-bateria-alarme-portao-rev","status":"publish","type":"product","link":"https:\/\/maxtec.inf.br\/en\/product\/controle-remoto-ecp-key-433mhz-c-bateria-alarme-portao-rev\/","title":{"rendered":"Controle Remoto Ecp Key 433mhz C\/ Bateria Alarme Port\u00e3o (Rev)"},"content":{"rendered":"","protected":false},"excerpt":{"rendered":"<p>&#8211; 01 Unidade Controle Remoto<br \/>\n&#8211; Bateria tipo A23 inclusa<br \/>\n&#8211; Frequ\u00eancia 433 Mhz, codifica\u00e7\u00e3o tipo 6P20B Code Learning.<br \/>\n&#8211; N\u00e3o necessita de ajuste de frequ\u00eancia, utiliza ressonador SAW.<br \/>\n&#8211; Acompanha bateria.<br \/>\n&#8211; Controle na cor Preta, e bot\u00f5es na cor branca.<br \/>\n&#8211; N\u00e3o acompanha argola para fixa\u00e7\u00e3o chave, mas possui cavidade para introdu\u00e7\u00e3o de argola.<\/p>\n<p> <a class=\"more-link\" href=\"https:\/\/maxtec.inf.br\/en\/product\/controle-remoto-ecp-key-433mhz-c-bateria-alarme-portao-rev\/\">Read more<\/a><\/p>","protected":false},"featured_media":14006,"comment_status":"open","ping_status":"closed","template":"","meta":[],"product_brand":[],"product_cat":[159],"product_tag":[],"class_list":{"0":"post-13887","1":"product","2":"type-product","3":"status-publish","4":"has-post-thumbnail","6":"product_cat-alarme-e-seguranca-maxtec-rev","8":"first","9":"instock","10":"taxable","11":"shipping-taxable","12":"purchasable","13":"product-type-simple"},"_links":{"self":[{"href":"https:\/\/maxtec.inf.br\/en\/wp-json\/wp\/v2\/product\/13887","targetHints":{"allow":["GET"]}}],"collection":[{"href":"https:\/\/maxtec.inf.br\/en\/wp-json\/wp\/v2\/product"}],"about":[{"href":"https:\/\/maxtec.inf.br\/en\/wp-json\/wp\/v2\/types\/product"}],"replies":[{"embeddable":true,"href":"https:\/\/maxtec.inf.br\/en\/wp-json\/wp\/v2\/comments?post=13887"}],"wp:featuredmedia":[{"embeddable":true,"href":"https:\/\/maxtec.inf.br\/en\/wp-json\/wp\/v2\/media\/14006"}],"wp:attachment":[{"href":"https:\/\/maxtec.inf.br\/en\/wp-json\/wp\/v2\/media?parent=13887"}],"wp:term":[{"taxonomy":"product_brand","embeddable":true,"href":"https:\/\/maxtec.inf.br\/en\/wp-json\/wp\/v2\/product_brand?post=13887"},{"taxonomy":"product_cat","embeddable":true,"href":"https:\/\/maxtec.inf.br\/en\/wp-json\/wp\/v2\/product_cat?post=13887"},{"taxonomy":"product_tag","embeddable":true,"href":"https:\/\/maxtec.inf.br\/en\/wp-json\/wp\/v2\/product_tag?post=13887"}],"curies":[{"name":"wp","href":"https:\/\/api.w.org\/{rel}","templated":true}]}}