{"id":13821,"date":"2025-04-22T22:45:41","date_gmt":"2025-04-22T22:45:41","guid":{"rendered":"https:\/\/maxtec.inf.br\/?post_type=product&#038;p=13821"},"modified":"2025-06-25T19:42:59","modified_gmt":"2025-06-25T19:42:59","slug":"13821","status":"publish","type":"product","link":"https:\/\/maxtec.inf.br\/en\/product\/13821\/","title":{"rendered":"Dvr 16 Canais Hibrido Digital"},"content":{"rendered":"<p>&nbsp;<\/p>","protected":false},"excerpt":{"rendered":"<p>Informa\u00e7\u00f5es T\u00e9cnicas:<br \/>\nSuporta: Anal\u00f3gico\/AHD TVI CVI IP\/H265 H264<br \/>\nCodifica\u00e7\u00e3o de V\u00eddeo: H265 High Profile<br \/>\nSa\u00edda de V\u00eddeo: 1x VGA e 1X HDMI<br \/>\nInterface: 2x USB | 1x RS-485<br \/>\nArmazenamento Padr\u00e3o HD SATA: 1x 6TB<br \/>\nFonte de Alimenta\u00e7\u00e3o: DC 12V\/2A<br \/>\nDimens\u00f5es: 220 x 250 x 40mm (C x L x A)<br \/>\nCor: Preto<\/p>\n<p>Conte\u00fado da Embalagem:<br \/>\n1 Gravador de v\u00eddeo DVR AHD-H<br \/>\n1 Fonte de alimenta\u00e7\u00e3o<br \/>\n1 Mouse USB<br \/>\n1 Kit de instala\u00e7\u00e3o<br \/>\n1 Manual de instru\u00e7\u00f5es<\/p>\n<p> <a class=\"more-link\" href=\"https:\/\/maxtec.inf.br\/en\/product\/13821\/\">Read more<\/a><\/p>","protected":false},"featured_media":13822,"comment_status":"open","ping_status":"closed","template":"","meta":[],"product_brand":[],"product_cat":[151],"product_tag":[],"class_list":{"0":"post-13821","1":"product","2":"type-product","3":"status-publish","4":"has-post-thumbnail","6":"product_cat-cftv-e-seguranca-eletronica-maxtec-rev","8":"first","9":"instock","10":"taxable","11":"shipping-taxable","12":"purchasable","13":"product-type-simple"},"_links":{"self":[{"href":"https:\/\/maxtec.inf.br\/en\/wp-json\/wp\/v2\/product\/13821","targetHints":{"allow":["GET"]}}],"collection":[{"href":"https:\/\/maxtec.inf.br\/en\/wp-json\/wp\/v2\/product"}],"about":[{"href":"https:\/\/maxtec.inf.br\/en\/wp-json\/wp\/v2\/types\/product"}],"replies":[{"embeddable":true,"href":"https:\/\/maxtec.inf.br\/en\/wp-json\/wp\/v2\/comments?post=13821"}],"wp:featuredmedia":[{"embeddable":true,"href":"https:\/\/maxtec.inf.br\/en\/wp-json\/wp\/v2\/media\/13822"}],"wp:attachment":[{"href":"https:\/\/maxtec.inf.br\/en\/wp-json\/wp\/v2\/media?parent=13821"}],"wp:term":[{"taxonomy":"product_brand","embeddable":true,"href":"https:\/\/maxtec.inf.br\/en\/wp-json\/wp\/v2\/product_brand?post=13821"},{"taxonomy":"product_cat","embeddable":true,"href":"https:\/\/maxtec.inf.br\/en\/wp-json\/wp\/v2\/product_cat?post=13821"},{"taxonomy":"product_tag","embeddable":true,"href":"https:\/\/maxtec.inf.br\/en\/wp-json\/wp\/v2\/product_tag?post=13821"}],"curies":[{"name":"wp","href":"https:\/\/api.w.org\/{rel}","templated":true}]}}