{"id":13743,"date":"2025-02-19T17:34:53","date_gmt":"2025-02-19T17:34:53","guid":{"rendered":"https:\/\/maxtec.inf.br\/?post_type=product&#038;p=13743"},"modified":"2025-08-01T00:00:44","modified_gmt":"2025-08-01T00:00:44","slug":"rj11-4-vias","status":"publish","type":"product","link":"https:\/\/maxtec.inf.br\/en\/product\/rj11-4-vias\/","title":{"rendered":"Rj11 4 Vias"},"content":{"rendered":"<p>&nbsp;<\/p>\n<p>&nbsp;<\/p>","protected":false},"excerpt":{"rendered":"<p>DESCRI\u00c7\u00c3O:<br \/>\n&#8211; Conector RJ11 4P4C 4 Vias Suporta PABX e Linha Convencional de Telefonia Exbom<\/p>\n<p>O conector RJ11 feito em material policarbonato, de alta qualidade \u00e9 ideal para conex\u00f5es de linha telef\u00f4nica. Cont\u00e9m condutores banhados a ouro, resistentes a corros\u00e3o e interfer\u00eancias, mantendo a transmiss\u00e3o est\u00e1vel.<\/p>\n<p><a href=\"https:\/\/wa.me\/p\/9602264059800079\/551142620231\" class=\"su-button su-button-style-flat\" style=\"color:#000000;background-color:#55ef2d;border-color:#44c024;border-radius:7px\" target=\"_blank\" rel=\"noopener noreferrer\"><span style=\"color:#000000;padding:7px 20px;font-size:16px;line-height:24px;border-color:#88f46c;border-radius:7px;text-shadow:none\"><i class=\"sui sui-mouse-pointer\" style=\"font-size:16px;color:#000000\"><\/i> Nosso Whatsapp<small style=\"padding-bottom:7px;color:#000000\">Fale Conosco<\/small><\/span><\/a><\/p>\n<p> <a class=\"more-link\" href=\"https:\/\/maxtec.inf.br\/en\/product\/rj11-4-vias\/\">Read more<\/a><\/p>","protected":false},"featured_media":13752,"comment_status":"open","ping_status":"closed","template":"","meta":[],"product_brand":[],"product_cat":[111,153],"product_tag":[],"class_list":{"0":"post-13743","1":"product","2":"type-product","3":"status-publish","4":"has-post-thumbnail","6":"product_cat-produtos-novos-maxtec","7":"product_cat-pabx-e-telefonia-maxtec","9":"first","10":"instock","11":"taxable","12":"shipping-taxable","13":"purchasable","14":"product-type-simple"},"_links":{"self":[{"href":"https:\/\/maxtec.inf.br\/en\/wp-json\/wp\/v2\/product\/13743","targetHints":{"allow":["GET"]}}],"collection":[{"href":"https:\/\/maxtec.inf.br\/en\/wp-json\/wp\/v2\/product"}],"about":[{"href":"https:\/\/maxtec.inf.br\/en\/wp-json\/wp\/v2\/types\/product"}],"replies":[{"embeddable":true,"href":"https:\/\/maxtec.inf.br\/en\/wp-json\/wp\/v2\/comments?post=13743"}],"wp:featuredmedia":[{"embeddable":true,"href":"https:\/\/maxtec.inf.br\/en\/wp-json\/wp\/v2\/media\/13752"}],"wp:attachment":[{"href":"https:\/\/maxtec.inf.br\/en\/wp-json\/wp\/v2\/media?parent=13743"}],"wp:term":[{"taxonomy":"product_brand","embeddable":true,"href":"https:\/\/maxtec.inf.br\/en\/wp-json\/wp\/v2\/product_brand?post=13743"},{"taxonomy":"product_cat","embeddable":true,"href":"https:\/\/maxtec.inf.br\/en\/wp-json\/wp\/v2\/product_cat?post=13743"},{"taxonomy":"product_tag","embeddable":true,"href":"https:\/\/maxtec.inf.br\/en\/wp-json\/wp\/v2\/product_tag?post=13743"}],"curies":[{"name":"wp","href":"https:\/\/api.w.org\/{rel}","templated":true}]}}