{"id":13717,"date":"2025-02-14T18:18:30","date_gmt":"2025-02-14T18:18:30","guid":{"rendered":"https:\/\/maxtec.inf.br\/?post_type=product&#038;p=13717"},"modified":"2025-07-01T00:01:19","modified_gmt":"2025-07-01T00:01:19","slug":"placa-adaptadora-para-cartao-de-memoria-sd-card-hdl-revisado","status":"publish","type":"product","link":"https:\/\/maxtec.inf.br\/en\/product\/placa-adaptadora-para-cartao-de-memoria-sd-card-hdl-revisado\/","title":{"rendered":"Placa Adaptadora para Cart\u00e3o de Mem\u00f3ria (SD Card) &#8211; Hdl (Revisado)"},"content":{"rendered":"<p><span class=\"sc-iGgWBj pLDvH\" data-testid=\"product-detail-title\">Placa Adaptadora para Cart\u00e3o de Mem\u00f3ria (SD Card) &#8211; Hdl<\/span><\/p>\n<div class=\"sc-gsFSXq iGppzn sc-cyJUJa jcMbIy\" data-testid=\"product-detail-description\">\n<div class=\"sc-gsFSXq RtwUi sc-eHKzgQ hoibsp\" data-testid=\"rich-content-container\">Placa acess\u00f3rio para Central HDL, instalada e fixada diretamente na CPU da Central Permite acrescentar as seguintes fun\u00e7\u00f5es: indentifica\u00e7\u00e3o vocalizada, hora certa, entrada por senha (com Porteiro F12) e difus\u00e3o de mensagens<\/div>\n<\/div>\n<p>Garantia de produtos revisados s\u00e3o de 30 dias, n\u00e3o cobre\u00a0mau\u00a0uso.<\/p>","protected":false},"excerpt":{"rendered":"<p>&nbsp;<\/p>\n<p><a href=\"https:\/\/wa.me\/p\/9602264059800079\/551142620231\" class=\"su-button su-button-style-flat\" style=\"color:#000000;background-color:#55ef2d;border-color:#44c024;border-radius:7px\" target=\"_blank\" rel=\"noopener noreferrer\"><span style=\"color:#000000;padding:7px 20px;font-size:16px;line-height:24px;border-color:#88f46c;border-radius:7px;text-shadow:none\"><i class=\"sui sui-mouse-pointer\" style=\"font-size:16px;color:#000000\"><\/i> Nosso Whatsapp<small style=\"padding-bottom:7px;color:#000000\">Fale Conosco<\/small><\/span><\/a><\/p>\n<p> <a class=\"more-link\" href=\"https:\/\/maxtec.inf.br\/en\/product\/placa-adaptadora-para-cartao-de-memoria-sd-card-hdl-revisado\/\">Read more<\/a><\/p>","protected":false},"featured_media":13718,"comment_status":"open","ping_status":"closed","template":"","meta":[],"product_brand":[],"product_cat":[148],"product_tag":[],"class_list":{"0":"post-13717","1":"product","2":"type-product","3":"status-publish","4":"has-post-thumbnail","6":"product_cat-pabx-e-telefonia-maxtec-rev","8":"first","9":"instock","10":"taxable","11":"shipping-taxable","12":"purchasable","13":"product-type-simple"},"_links":{"self":[{"href":"https:\/\/maxtec.inf.br\/en\/wp-json\/wp\/v2\/product\/13717","targetHints":{"allow":["GET"]}}],"collection":[{"href":"https:\/\/maxtec.inf.br\/en\/wp-json\/wp\/v2\/product"}],"about":[{"href":"https:\/\/maxtec.inf.br\/en\/wp-json\/wp\/v2\/types\/product"}],"replies":[{"embeddable":true,"href":"https:\/\/maxtec.inf.br\/en\/wp-json\/wp\/v2\/comments?post=13717"}],"wp:featuredmedia":[{"embeddable":true,"href":"https:\/\/maxtec.inf.br\/en\/wp-json\/wp\/v2\/media\/13718"}],"wp:attachment":[{"href":"https:\/\/maxtec.inf.br\/en\/wp-json\/wp\/v2\/media?parent=13717"}],"wp:term":[{"taxonomy":"product_brand","embeddable":true,"href":"https:\/\/maxtec.inf.br\/en\/wp-json\/wp\/v2\/product_brand?post=13717"},{"taxonomy":"product_cat","embeddable":true,"href":"https:\/\/maxtec.inf.br\/en\/wp-json\/wp\/v2\/product_cat?post=13717"},{"taxonomy":"product_tag","embeddable":true,"href":"https:\/\/maxtec.inf.br\/en\/wp-json\/wp\/v2\/product_tag?post=13717"}],"curies":[{"name":"wp","href":"https:\/\/api.w.org\/{rel}","templated":true}]}}