{"id":13688,"date":"2025-02-06T17:29:58","date_gmt":"2025-02-06T17:29:58","guid":{"rendered":"https:\/\/maxtec.inf.br\/?post_type=product&#038;p=13688"},"modified":"2025-07-07T17:42:46","modified_gmt":"2025-07-07T17:42:46","slug":"teclado-multimidia-dell-kb216t-revisado","status":"publish","type":"product","link":"https:\/\/maxtec.inf.br\/en\/product\/teclado-multimidia-dell-kb216t-revisado\/","title":{"rendered":"Teclado Multim\u00eddia Dell Kb216t (Revisado)"},"content":{"rendered":"","protected":false},"excerpt":{"rendered":"<p>Marca: Dell<br \/>\nTipo de produto: Teclado multim\u00eddia<br \/>\nCor: Preto<br \/>\nFormato: Portugu\u00eas (ABNT2)<br \/>\nApoio de Punho: N\u00e3o<br \/>\nPeso: 503g<br \/>\nDimens\u00f5es (LxPxA): 44,2 x 12,7 x 2,44 cm<br \/>\nTeclas Multim\u00eddia: Volume, Mudo, Play\/Pause, Avan\u00e7o e Retrocesso<br \/>\nFormato das Teclas: Chiclet<br \/>\nCabos: USB<br \/>\nModelo: KB216t<\/p>\n<p>Garantia de produtos revisados s\u00e3o de 30 dias, n\u00e3o cobre\u00a0mau\u00a0uso.<\/p>\n<p>&nbsp;<\/p>\n<p>Teclado Dell<br \/>\nUma solu\u00e7\u00e3o de teclado com fio conveniente para uso di\u00e1rio, seja no escrit\u00f3rio ou em casa. Obtenha uma digita\u00e7\u00e3o confort\u00e1vel com teclas com estilo chiclete, estrutura dur\u00e1vel e silenciosas. As convenientes teclas multim\u00eddia permitem que voc\u00ea acesse as fun\u00e7\u00f5es facilmente, como reproduzir, pausar, voltar e avan\u00e7ar al\u00e9m de controlar o volume.<\/p>\n<p><a href=\"https:\/\/wa.me\/p\/9602264059800079\/551142620231\" class=\"su-button su-button-style-flat\" style=\"color:#000000;background-color:#55ef2d;border-color:#44c024;border-radius:7px\" target=\"_blank\" rel=\"noopener noreferrer\"><span style=\"color:#000000;padding:7px 20px;font-size:16px;line-height:24px;border-color:#88f46c;border-radius:7px;text-shadow:none\"><i class=\"sui sui-mouse-pointer\" style=\"font-size:16px;color:#000000\"><\/i> Nosso Whatsapp<small style=\"padding-bottom:7px;color:#000000\">Fale Conosco<\/small><\/span><\/a><\/p>\n<p> <a class=\"more-link\" href=\"https:\/\/maxtec.inf.br\/en\/product\/teclado-multimidia-dell-kb216t-revisado\/\">Read more<\/a><\/p>","protected":false},"featured_media":13689,"comment_status":"open","ping_status":"closed","template":"","meta":[],"product_brand":[],"product_cat":[144],"product_tag":[],"class_list":{"0":"post-13688","1":"product","2":"type-product","3":"status-publish","4":"has-post-thumbnail","6":"product_cat-informatica-maxtec-rev","8":"first","9":"instock","10":"taxable","11":"shipping-taxable","12":"purchasable","13":"product-type-simple"},"_links":{"self":[{"href":"https:\/\/maxtec.inf.br\/en\/wp-json\/wp\/v2\/product\/13688","targetHints":{"allow":["GET"]}}],"collection":[{"href":"https:\/\/maxtec.inf.br\/en\/wp-json\/wp\/v2\/product"}],"about":[{"href":"https:\/\/maxtec.inf.br\/en\/wp-json\/wp\/v2\/types\/product"}],"replies":[{"embeddable":true,"href":"https:\/\/maxtec.inf.br\/en\/wp-json\/wp\/v2\/comments?post=13688"}],"wp:featuredmedia":[{"embeddable":true,"href":"https:\/\/maxtec.inf.br\/en\/wp-json\/wp\/v2\/media\/13689"}],"wp:attachment":[{"href":"https:\/\/maxtec.inf.br\/en\/wp-json\/wp\/v2\/media?parent=13688"}],"wp:term":[{"taxonomy":"product_brand","embeddable":true,"href":"https:\/\/maxtec.inf.br\/en\/wp-json\/wp\/v2\/product_brand?post=13688"},{"taxonomy":"product_cat","embeddable":true,"href":"https:\/\/maxtec.inf.br\/en\/wp-json\/wp\/v2\/product_cat?post=13688"},{"taxonomy":"product_tag","embeddable":true,"href":"https:\/\/maxtec.inf.br\/en\/wp-json\/wp\/v2\/product_tag?post=13688"}],"curies":[{"name":"wp","href":"https:\/\/api.w.org\/{rel}","templated":true}]}}