{"id":11993,"date":"2022-01-18T13:11:41","date_gmt":"2022-01-18T13:11:41","guid":{"rendered":"https:\/\/maxtec.inf.br\/?post_type=product&#038;p=11993"},"modified":"2025-07-07T16:42:28","modified_gmt":"2025-07-07T16:42:28","slug":"suporte-multifuncional-para-notebook","status":"publish","type":"product","link":"https:\/\/maxtec.inf.br\/en\/product\/suporte-multifuncional-para-notebook\/","title":{"rendered":"Suporte Multifuncional Para Notebook"},"content":{"rendered":"","protected":false},"excerpt":{"rendered":"<p>Suporte Ergon\u00f4mico para Notebook Dobr\u00e1vel<br \/>\nErgonomia \u00e9 coisa s\u00e9ria! Cuide de sua sa\u00fade utilizando um suporte para manter o notebook e uma posi\u00e7\u00e3o confort\u00e1vel para visualiza\u00e7\u00e3o, evitando dores lombares.<br \/>\nO suporte para notebook \u00e9 muito pr\u00e1tico, permitindo total mobilidade por ser leve e retr\u00e1til, cabendo em pequenos espa\u00e7os e podendo ser levado para qualquer\u00a0lugar desejado.<\/p>\n<p><a href=\"https:\/\/wa.me\/p\/9602264059800079\/551142620231\" class=\"su-button su-button-style-flat\" style=\"color:#000000;background-color:#55ef2d;border-color:#44c024;border-radius:7px\" target=\"_blank\" rel=\"noopener noreferrer\"><span style=\"color:#000000;padding:7px 20px;font-size:16px;line-height:24px;border-color:#88f46c;border-radius:7px;text-shadow:none\"><i class=\"sui sui-mouse-pointer\" style=\"font-size:16px;color:#000000\"><\/i> Nosso Whatsapp<small style=\"padding-bottom:7px;color:#000000\">Fale Conosco<\/small><\/span><\/a><\/p>\n<p>&nbsp;<\/p>\n<p> <a class=\"more-link\" href=\"https:\/\/maxtec.inf.br\/en\/product\/suporte-multifuncional-para-notebook\/\">Read more<\/a><\/p>","protected":false},"featured_media":13604,"comment_status":"open","ping_status":"closed","template":"","meta":[],"product_brand":[],"product_cat":[157],"product_tag":[83,86,85,87,88,89,84,91,90],"class_list":{"0":"post-11993","1":"product","2":"type-product","3":"status-publish","4":"has-post-thumbnail","6":"product_cat-informatica-maxtec","7":"product_tag-camera","8":"product_tag-camera-de-seguranca","9":"product_tag-hilook","10":"product_tag-informatica","11":"product_tag-mouse","12":"product_tag-multilaser","13":"product_tag-seguranca","14":"product_tag-suporte-multifuncional-para-notebook","15":"product_tag-teclado","17":"first","18":"instock","19":"taxable","20":"shipping-taxable","21":"purchasable","22":"product-type-simple"},"_links":{"self":[{"href":"https:\/\/maxtec.inf.br\/en\/wp-json\/wp\/v2\/product\/11993","targetHints":{"allow":["GET"]}}],"collection":[{"href":"https:\/\/maxtec.inf.br\/en\/wp-json\/wp\/v2\/product"}],"about":[{"href":"https:\/\/maxtec.inf.br\/en\/wp-json\/wp\/v2\/types\/product"}],"replies":[{"embeddable":true,"href":"https:\/\/maxtec.inf.br\/en\/wp-json\/wp\/v2\/comments?post=11993"}],"wp:featuredmedia":[{"embeddable":true,"href":"https:\/\/maxtec.inf.br\/en\/wp-json\/wp\/v2\/media\/13604"}],"wp:attachment":[{"href":"https:\/\/maxtec.inf.br\/en\/wp-json\/wp\/v2\/media?parent=11993"}],"wp:term":[{"taxonomy":"product_brand","embeddable":true,"href":"https:\/\/maxtec.inf.br\/en\/wp-json\/wp\/v2\/product_brand?post=11993"},{"taxonomy":"product_cat","embeddable":true,"href":"https:\/\/maxtec.inf.br\/en\/wp-json\/wp\/v2\/product_cat?post=11993"},{"taxonomy":"product_tag","embeddable":true,"href":"https:\/\/maxtec.inf.br\/en\/wp-json\/wp\/v2\/product_tag?post=11993"}],"curies":[{"name":"wp","href":"https:\/\/api.w.org\/{rel}","templated":true}]}}