{"id":11983,"date":"2022-01-17T13:24:49","date_gmt":"2022-01-17T13:24:49","guid":{"rendered":"https:\/\/maxtec.inf.br\/?post_type=product&#038;p=11983"},"modified":"2025-08-01T00:00:38","modified_gmt":"2025-08-01T00:00:38","slug":"teclado-e-mouse-sem-fio-movitec","status":"publish","type":"product","link":"https:\/\/maxtec.inf.br\/en\/product\/teclado-e-mouse-sem-fio-movitec\/","title":{"rendered":"Teclado e Mouse Sem Fio Movitec"},"content":{"rendered":"","protected":false},"excerpt":{"rendered":"<table class=\"table table-specification\" cellspacing=\"0\">\n<tbody>\n<tr>\n<th class=\"name-field Marca\" scope=\"row\">Marca:<\/th>\n<td class=\"value-field Marca\">Multi<\/td>\n<\/tr>\n<tr>\n<th class=\"name-field Modelo\" scope=\"row\">Modelo:<\/th>\n<td class=\"value-field Modelo\">TC270<\/td>\n<\/tr>\n<tr>\n<th class=\"name-field Mouse\" scope=\"row\">Mouse:<\/th>\n<td class=\"value-field Mouse\">DPI: 1600<br \/>\nAlimenta\u00e7\u00e3o: 1 Pilha AA<br \/>\nBot\u00f5es: 3<br \/>\nDesign: Slim<br \/>\nCompatibilidade: Windows 10 ou Superior<br \/>\nPeso: 64 g<br \/>\nDimens\u00f5es: 11,37 x 6,14 x 3,63 cm<\/td>\n<\/tr>\n<tr>\n<th class=\"name-field Teclado\" scope=\"row\">Teclado:<\/th>\n<td class=\"value-field Teclado\">Conex\u00f5es: 2.4 GHz (USB)<br \/>\nTeclado: 1 x Pilha AAA<br \/>\nTeclas multim\u00eddia: 12<br \/>\nAcabamento: Pl\u00e1stico<br \/>\nLayout: ABNT2<br \/>\nDimens\u00f5es: 43,21 x 13,86 x 2,2 cm<br \/>\nPeso: 374 g<\/td>\n<\/tr>\n<tr>\n<th class=\"name-field Conteudo\" scope=\"row\">Conte\u00fado da embalagem:<\/th>\n<td class=\"value-field Conteudo\">1 x Mouse Sem Fio<br \/>\n1 x Teclado Sem Fio<br \/>\n1 x Receptor USB<br \/>\n1 x Pilha AA<br \/>\n1 x Pilha AAA<br \/>\n1 x Guia R\u00e1pido<\/td>\n<\/tr>\n<\/tbody>\n<\/table>\n<p>Os fios s\u00e3o partes do equipamento que incomodam muito os usu\u00e1rios, afinal, eles limitam a mobilidade e muitas vezes acabam se enroscando, o que deixa qualquer um desconfort\u00e1vel. Mas o teclado e o mouse da Multilaser n\u00e3o possuem esse problema. Pelo contr\u00e1rio, s\u00e3o equipamentos simples e pr\u00e1ticos, que vale o investimento. Descubra mais sobre eles:<\/p>\n<p>&nbsp;<\/p>\n<p><a href=\"https:\/\/wa.me\/p\/9602264059800079\/551142620231\" class=\"su-button su-button-style-flat\" style=\"color:#000000;background-color:#55ef2d;border-color:#44c024;border-radius:7px\" target=\"_blank\" rel=\"noopener noreferrer\"><span style=\"color:#000000;padding:7px 20px;font-size:16px;line-height:24px;border-color:#88f46c;border-radius:7px;text-shadow:none\"><i class=\"sui sui-mouse-pointer\" style=\"font-size:16px;color:#000000\"><\/i> Nosso Whatsapp<small style=\"padding-bottom:7px;color:#000000\">Fale Conosco<\/small><\/span><\/a><\/p>\n<p> <a class=\"more-link\" href=\"https:\/\/maxtec.inf.br\/en\/product\/teclado-e-mouse-sem-fio-movitec\/\">Read more<\/a><\/p>","protected":false},"featured_media":14893,"comment_status":"open","ping_status":"closed","template":"","meta":[],"product_brand":[],"product_cat":[157],"product_tag":[83,86,85,87,88,92,89,84,91,90],"class_list":{"0":"post-11983","1":"product","2":"type-product","3":"status-publish","4":"has-post-thumbnail","6":"product_cat-informatica-maxtec","7":"product_tag-camera","8":"product_tag-camera-de-seguranca","9":"product_tag-hilook","10":"product_tag-informatica","11":"product_tag-mouse","12":"product_tag-movitec","13":"product_tag-multilaser","14":"product_tag-seguranca","15":"product_tag-suporte-multifuncional-para-notebook","16":"product_tag-teclado","18":"first","19":"instock","20":"taxable","21":"shipping-taxable","22":"purchasable","23":"product-type-simple"},"_links":{"self":[{"href":"https:\/\/maxtec.inf.br\/en\/wp-json\/wp\/v2\/product\/11983","targetHints":{"allow":["GET"]}}],"collection":[{"href":"https:\/\/maxtec.inf.br\/en\/wp-json\/wp\/v2\/product"}],"about":[{"href":"https:\/\/maxtec.inf.br\/en\/wp-json\/wp\/v2\/types\/product"}],"replies":[{"embeddable":true,"href":"https:\/\/maxtec.inf.br\/en\/wp-json\/wp\/v2\/comments?post=11983"}],"wp:featuredmedia":[{"embeddable":true,"href":"https:\/\/maxtec.inf.br\/en\/wp-json\/wp\/v2\/media\/14893"}],"wp:attachment":[{"href":"https:\/\/maxtec.inf.br\/en\/wp-json\/wp\/v2\/media?parent=11983"}],"wp:term":[{"taxonomy":"product_brand","embeddable":true,"href":"https:\/\/maxtec.inf.br\/en\/wp-json\/wp\/v2\/product_brand?post=11983"},{"taxonomy":"product_cat","embeddable":true,"href":"https:\/\/maxtec.inf.br\/en\/wp-json\/wp\/v2\/product_cat?post=11983"},{"taxonomy":"product_tag","embeddable":true,"href":"https:\/\/maxtec.inf.br\/en\/wp-json\/wp\/v2\/product_tag?post=11983"}],"curies":[{"name":"wp","href":"https:\/\/api.w.org\/{rel}","templated":true}]}}